{"id":89,"date":"2014-06-15T21:29:34","date_gmt":"2014-06-15T19:29:34","guid":{"rendered":"http:\/\/kanerva.eu\/fi\/?page_id=89"},"modified":"2024-07-19T07:25:38","modified_gmt":"2024-07-19T04:25:38","slug":"cv-ja-tarinani","status":"publish","type":"page","link":"https:\/\/kanerva.eu\/fi\/cv-ja-tarinani\/","title":{"rendered":"Tarinani"},"content":{"rendered":"<p>Nimi : Jarmo Jussi Kanerva<img loading=\"lazy\" decoding=\"async\" class=\"alignright wp-image-3204 size-medium lazyload\" src=\"data:image\/gif;base64,R0lGODlhAQABAAAAACH5BAEKAAEALAAAAAABAAEAAAICTAEAOw==\" alt=\"\" width=\"300\" height=\"300\" sizes=\"auto, (max-width: 300px) 100vw, 300px\" data-src=\"https:\/\/kanerva.eu\/fi\/wp-content\/uploads\/2020\/12\/Kanerva_Jarmo_naama-624-300x300.jpg\" data-srcset=\"https:\/\/kanerva.eu\/fi\/wp-content\/uploads\/2020\/12\/Kanerva_Jarmo_naama-624-300x300.jpg 300w, https:\/\/kanerva.eu\/fi\/wp-content\/uploads\/2020\/12\/Kanerva_Jarmo_naama-624-200x200.jpg 200w, https:\/\/kanerva.eu\/fi\/wp-content\/uploads\/2020\/12\/Kanerva_Jarmo_naama-624-90x90.jpg 90w, https:\/\/kanerva.eu\/fi\/wp-content\/uploads\/2020\/12\/Kanerva_Jarmo_naama-624-75x75.jpg 75w, https:\/\/kanerva.eu\/fi\/wp-content\/uploads\/2020\/12\/Kanerva_Jarmo_naama-624.jpg 624w\"><\/p>\n<p>Poliittinen sivu\u00a0 jarmokanerva.fi\u00a0 ja\u00a0 kanerva.eu<\/p>\n<p>Poliittinen s-posti jj(\u00e4t)kanerva.eu<\/p>\n<p>Poliittinen Gsm +358 468844554 ( email ensin)<\/p>\n<p>Olen Perussuomalainen diplomi-insin\u00f6\u00f6ri.<br \/>\nMinulla on pitk\u00e4 ja laaja akateeminen koulutus sek\u00e4 ty\u00f6kokemus mm. elektroniikasta, fysiikasta, matematiikasta, virkamiesruotsi, englanti, taloustieteit\u00e4, energiatekniikkaa, tietoliikennett\u00e4, tietokoneet ja ohjelmointi ja IT-ala.<\/p>\n<p>Ty\u00f6uralla olen ollut toimitusjohtaja, johtoryhm\u00e4t\u00f6iss\u00e4, teknillinen johtaja, tuotep\u00e4\u00e4llikk\u00f6, ty\u00f6njohtaja ja asentajana, ohjelmoijana ja myyntineuvottelijana ajassa taaksep\u00e4in. Olin my\u00f6s neuvottelija Ranskaan, Koreaan, Japaniin ja Saksaan projekteissa. Lis\u00e4ksi olen tehnyt mainoksia, internetsivuja ja tekniikkaa, kirjanpitoa ja tilinp\u00e4\u00e4t\u00f6ksi\u00e4 vuosikymmeni\u00e4.<\/p>\n<p>Poliittinen luottamustoimeni on ollut 4v Espoon taidemuseos\u00e4\u00e4ti\u00f6n hallituksen j\u00e4senen\u00e4. Asiaan liittyy kulttuuri ja talousasiat ja hallitusty\u00f6skentely ja sain toiminnasta erinomaisen arvion.\u00a0 My\u00f6hemmmin Espoon Tarkastuslautakunnassa\u00a0 7 vuotta valvomassa kaikkien kunnan\u00a0 yksik\u00f6iden toimintaa, miss\u00e4 tarvitaan talous- ja organisaatio-osaamista. Vuonna 2020 Espoon tarkastuskertomus 2019\u00a0 palkittiin Suomen parhaana. Espoon perussuomalaiset ry:ss\u00e4 olen ollut eri vuosina vara-, varsinainen j\u00e4sen ja varapuheenjohtajana, enh\u00e4 enemp\u00e4\u00e4n olisi ehtinyt. Kuntavaalaissa olin 2012 ja 2017 ja nyt 2021, jolloin sain 211 \u00e4\u00e4nt\u00e4 ja valittiin varavaltuutetuksi.<\/p>\n<p>T\u00f6iss\u00e4 olen opiskellut ja tehnyt lis\u00e4ksi elektroniikkalaitteiden suunnittelua ja piirilevyjen\u00a0 ja laitteiden mekaniikkaa CADilla, designia ja valmista. Vuosia suunnittelin ja toteutin talon rakennusta ja piirsin CADilla piirustukset ja my\u00f6s kaavoituspiirrustuksia. T\u00e4ss\u00e4 yhteydess\u00e4 tutustuin energiatekniikkaan ja m\u00e4\u00e4r\u00e4yksiin hyvin yksityiskohtaisesti.\u00a0\u00a0 Olen ottanut valokuvia ja videoita ja tehnyt markkinointi- ja koulutusmateriaalia ja nettikuvitusta. Asiaan liittyy audiotekniikka.<\/p>\n<p>Er\u00e4iss\u00e4 harrasteista on tullut ammattimaisia : Audiolaitteet, valokuvaus ja videoiden tekeminen.<\/p>\n<p>Aktiivisia harrasteita: Kuntosali, politiikka, luonnontieteiden ja tekniikan seuranta, veneily (SVT, rannikkolaivuri ym.), wanhat autot .<\/p>\n<p>Entisi\u00e4 harrasteita : Golf, slalom,\u00a0 aikido, thaekwondo, matkusteluja, sukellus<\/p>\n<p>J\u00e4rjest\u00f6j\u00e4 : Suomi-Hong Kong kauppaj\u00e4rjest\u00f6, SVK,\u00a0 ..<\/p>\n","protected":false},"excerpt":{"rendered":"<p>Nimi : Jarmo Jussi Kanerva Poliittinen sivu\u00a0 jarmokanerva.fi\u00a0 ja\u00a0 kanerva.eu Poliittinen s-posti jj(\u00e4t)kanerva.eu Poliittinen Gsm +358 468844554 ( email ensin) Olen Perussuomalainen diplomi-insin\u00f6\u00f6ri. Minulla on pitk\u00e4 ja laaja akateeminen koulutus sek\u00e4 ty\u00f6kokemus mm. elektroniikasta, fysiikasta, matematiikasta, virkamiesruotsi, englanti, taloustieteit\u00e4, energiatekniikkaa, tietoliikennett\u00e4, tietokoneet ja ohjelmointi ja IT-ala. Ty\u00f6uralla olen ollut toimitusjohtaja, johtoryhm\u00e4t\u00f6iss\u00e4, teknillinen johtaja, tuotep\u00e4\u00e4llikk\u00f6, ty\u00f6njohtaja ja [&hellip;]<\/p>\n","protected":false},"author":1,"featured_media":0,"parent":0,"menu_order":0,"comment_status":"closed","ping_status":"open","template":"","meta":{"_uag_custom_page_level_css":"","_crdt_document":"","site-sidebar-layout":"default","site-content-layout":"default","ast-site-content-layout":"default","site-content-style":"default","site-sidebar-style":"default","ast-global-header-display":"","ast-banner-title-visibility":"","ast-main-header-display":"","ast-hfb-above-header-display":"","ast-hfb-below-header-display":"","ast-hfb-mobile-header-display":"","site-post-title":"","ast-breadcrumbs-content":"","ast-featured-img":"","footer-sml-layout":"","ast-disable-related-posts":"","theme-transparent-header-meta":"default","adv-header-id-meta":"","stick-header-meta":"default","header-above-stick-meta":"","header-main-stick-meta":"","header-below-stick-meta":"","astra-migrate-meta-layouts":"set","ast-page-background-enabled":"enabled","ast-page-background-meta":{"desktop":{"background-color":"var(--ast-global-color-2)","background-image":"https:\/\/kanerva.eu\/fi\/wp-content\/uploads\/BlBgMoxaic-75x75-95.jpg","background-repeat":"repeat","background-position":"center center","background-size":"auto","background-attachment":"scroll","background-type":"image","background-media":"[object Undefined]","overlay-type":"none","overlay-color":"","overlay-opacity":"","overlay-gradient":""},"tablet":{"background-color":"","background-image":"","background-repeat":"repeat","background-position":"center center","background-size":"auto","background-attachment":"scroll","background-type":"","background-media":"","overlay-type":"","overlay-color":"","overlay-opacity":"","overlay-gradient":""},"mobile":{"background-color":"","background-image":"","background-repeat":"repeat","background-position":"center center","background-size":"auto","background-attachment":"scroll","background-type":"","background-media":"","overlay-type":"","overlay-color":"","overlay-opacity":"","overlay-gradient":""}},"ast-content-background-meta":{"desktop":{"background-color":"var(--ast-global-color-5)","background-image":"","background-repeat":"repeat","background-position":"center center","background-size":"auto","background-attachment":"scroll","background-type":"color","background-media":"","overlay-type":"","overlay-color":"","overlay-opacity":"","overlay-gradient":""},"tablet":{"background-color":"var(--ast-global-color-5)","background-image":"","background-repeat":"repeat","background-position":"center center","background-size":"auto","background-attachment":"scroll","background-type":"color","background-media":"","overlay-type":"","overlay-color":"","overlay-opacity":"","overlay-gradient":""},"mobile":{"background-color":"var(--ast-global-color-5)","background-image":"","background-repeat":"repeat","background-position":"center center","background-size":"auto","background-attachment":"scroll","background-type":"color","background-media":"","overlay-type":"","overlay-color":"","overlay-opacity":"","overlay-gradient":""}},"footnotes":""},"class_list":["post-89","page","type-page","status-publish","hentry"],"uagb_featured_image_src":{"full":false,"thumbnail":false,"medium":false,"medium_large":false,"large":false,"thumblist":false,"thumbrelated":false,"meccarouselthumb":false,"gridsquare":false,"tileview":false,"1536x1536":false,"2048x2048":false},"uagb_author_info":{"display_name":"Kanerva Jarmo","author_link":"https:\/\/kanerva.eu\/fi\/author\/admin\/"},"uagb_comment_info":0,"uagb_excerpt":"Nimi : Jarmo Jussi Kanerva Poliittinen sivu\u00a0 jarmokanerva.fi\u00a0 ja\u00a0 kanerva.eu Poliittinen s-posti jj(\u00e4t)kanerva.eu Poliittinen Gsm +358 468844554 ( email ensin) Olen Perussuomalainen diplomi-insin\u00f6\u00f6ri. Minulla on pitk\u00e4 ja laaja akateeminen koulutus sek\u00e4 ty\u00f6kokemus mm. elektroniikasta, fysiikasta, matematiikasta, virkamiesruotsi, englanti, taloustieteit\u00e4, energiatekniikkaa, tietoliikennett\u00e4, tietokoneet ja ohjelmointi ja IT-ala. Ty\u00f6uralla olen ollut toimitusjohtaja, johtoryhm\u00e4t\u00f6iss\u00e4, teknillinen johtaja, tuotep\u00e4\u00e4llikk\u00f6, ty\u00f6njohtaja&hellip;","_links":{"self":[{"href":"https:\/\/kanerva.eu\/fi\/wp-json\/wp\/v2\/pages\/89","targetHints":{"allow":["GET"]}}],"collection":[{"href":"https:\/\/kanerva.eu\/fi\/wp-json\/wp\/v2\/pages"}],"about":[{"href":"https:\/\/kanerva.eu\/fi\/wp-json\/wp\/v2\/types\/page"}],"author":[{"embeddable":true,"href":"https:\/\/kanerva.eu\/fi\/wp-json\/wp\/v2\/users\/1"}],"replies":[{"embeddable":true,"href":"https:\/\/kanerva.eu\/fi\/wp-json\/wp\/v2\/comments?post=89"}],"version-history":[{"count":2,"href":"https:\/\/kanerva.eu\/fi\/wp-json\/wp\/v2\/pages\/89\/revisions"}],"predecessor-version":[{"id":10560,"href":"https:\/\/kanerva.eu\/fi\/wp-json\/wp\/v2\/pages\/89\/revisions\/10560"}],"wp:attachment":[{"href":"https:\/\/kanerva.eu\/fi\/wp-json\/wp\/v2\/media?parent=89"}],"curies":[{"name":"wp","href":"https:\/\/api.w.org\/{rel}","templated":true}]}}