{"id":7,"date":"2014-06-13T12:35:44","date_gmt":"2014-06-13T09:35:44","guid":{"rendered":"http:\/\/kanerva.eu\/fi\/?page_id=7"},"modified":"2024-07-05T14:07:51","modified_gmt":"2024-07-05T11:07:51","slug":"kotimaa","status":"publish","type":"page","link":"https:\/\/kanerva.eu\/fi\/kotimaa\/","title":{"rendered":"Etusivu"},"content":{"rendered":"<figure id=\"attachment_1510\" aria-describedby=\"caption-attachment-1510\" style=\"width: 330px\" class=\"wp-caption alignright\"><img loading=\"lazy\" decoding=\"async\" class=\"wp-image-1510 size-full lazyload\" src=\"data:image\/gif;base64,R0lGODlhAQABAAAAACH5BAEKAAEALAAAAAABAAEAAAICTAEAOw==\" alt=\"Jarmo Kanerva\" width=\"330\" height=\"900\" sizes=\"auto, (max-width: 330px) 100vw, 330px\" data-src=\"https:\/\/kanerva.eu\/fi\/wp-content\/uploads\/2017\/03\/Kanerva_Jarmo_koko-crop-full330x1000.jpg\" data-srcset=\"https:\/\/kanerva.eu\/fi\/wp-content\/uploads\/2017\/03\/Kanerva_Jarmo_koko-crop-full330x1000.jpg 330w, https:\/\/kanerva.eu\/fi\/wp-content\/uploads\/2017\/03\/Kanerva_Jarmo_koko-crop-full330x1000-110x300.jpg 110w\"><figcaption id=\"caption-attachment-1510\" class=\"wp-caption-text\">Jarmo Kanerva<\/figcaption><\/figure>\n<p style=\"text-align: left;\"><strong>Jarmo Jussi Kanerva<\/strong> , Espoo<\/p>\n<p>Kuntavaali2017-mainokseni on <a href=\"https:\/\/kanerva.eu\/fi\/wp-content\/uploads\/2017\/01\/PSvaali2017PystyCoatedF39Fixed-copy.pdf\" target=\"_blank\" rel=\"noopener noreferrer\">t\u00e4ss\u00e4_pdf.<\/a><br \/>\nKuntavaali2017-sivu on <a href=\"https:\/\/kanerva.eu\/fi\/?p=1377\" target=\"_blank\" rel=\"noopener noreferrer\">t\u00e4ss\u00e4_pdf.<\/a><\/p>\n<p>+ Diplomi-insin\u00f6\u00f6ri, 56 v, ICT-ala<br \/>\n+ Pitk\u00e4n linjan yritt\u00e4j\u00e4, osaan talous-, tietokone- ja talotekniikka-alan asiat<br \/>\n+ Sivistys ja design on l\u00e4hell\u00e4 syd\u00e4nt\u00e4<\/p>\n<p>+Espoon Perussuomalaiset hallitus, 2.vpj 2020-&gt;<br \/>\n+Espoon Tarkastuslautakunnan j\u00e4sen,<br \/>\nmik\u00e4 valvoo kaikkia osastoja<\/p>\n<p>+ Perusyritt\u00e4j\u00e4t Ry:n hallituksen j\u00e4sen<br \/>\n+ Edustus- ja yhteisty\u00f6kykyinen, my\u00f6s kansainv\u00e4lisiss\u00e4 asioissa kokemusta<\/p>\n<p>+ Espoon valtuuston varaj\u00e4sen 2018 asti.<br \/>\n+ Espoon&nbsp; Taidemuseos\u00e4\u00e4ti\u00f6n hallituksen j\u00e4sen (EMMA) 2018 asti.<\/p>\n<p>* Perusasiat kuntoon varatuilla rahoilla<br \/>\n* Tehokkuutta ja reiluutta asioidenhoitoon<br \/>\n* Teht\u00e4v\u00e4mme on huolehtia kunnolla Espoosta<br \/>\nja&nbsp; Suomesta rahalla, eik\u00e4 koko planeetasta<\/p>\n<p>* Nyt tarvitaan oikeita tekoja, eik\u00e4 tarinoita ja lupauksia<br \/>\n* \u00c4\u00e4nest\u00e4, niin voin hoitaa asioitasi. Muuten joku muu tekee sen.<\/p>\n<p style=\"text-align: left;\"><img loading=\"lazy\" decoding=\"async\" class=\"alignleft wp-image-2135 size-medium lazyload\" src=\"data:image\/gif;base64,R0lGODlhAQABAAAAACH5BAEKAAEALAAAAAABAAEAAAICTAEAOw==\" alt=\"Jotain rajaa - Perussuomalaiset\" width=\"300\" height=\"169\" sizes=\"auto, (max-width: 300px) 100vw, 300px\" data-src=\"https:\/\/kanerva.eu\/fi\/wp-content\/uploads\/2019\/03\/jotainrajaalogo-1920-300x169.jpg\" data-srcset=\"https:\/\/kanerva.eu\/fi\/wp-content\/uploads\/2019\/03\/jotainrajaalogo-1920-300x169.jpg 300w, https:\/\/kanerva.eu\/fi\/wp-content\/uploads\/2019\/03\/jotainrajaalogo-1920-768x432.jpg 768w, https:\/\/kanerva.eu\/fi\/wp-content\/uploads\/2019\/03\/jotainrajaalogo-1920-1024x576.jpg 1024w, https:\/\/kanerva.eu\/fi\/wp-content\/uploads\/2019\/03\/jotainrajaalogo-1920.jpg 1920w\"><\/p>\n<p><a href=\"http:\/\/kanerva.eu\/fi\/wp-content\/uploads\/2014\/08\/IMG_Suomen1920nousuunLB.jpg\"><img loading=\"lazy\" decoding=\"async\" class=\"alignnone wp-image-533 size-large lazyload\" src=\"data:image\/gif;base64,R0lGODlhAQABAAAAACH5BAEKAAEALAAAAAABAAEAAAICTAEAOw==\" alt=\"Suomi kuntoon - J\u00e4rjell\u00e4 ja syd\u00e4mell\u00e4\" width=\"1024\" height=\"768\" data-src=\"https:\/\/kanerva.eu\/fi\/wp-content\/uploads\/2014\/08\/IMG_Suomen1920nousuunLB-1024x768.jpg\"><\/a><\/p>\n<p style=\"text-align: left;\">\n","protected":false},"excerpt":{"rendered":"<p>Jarmo Jussi Kanerva , Espoo Kuntavaali2017-mainokseni on t\u00e4ss\u00e4_pdf. Kuntavaali2017-sivu on t\u00e4ss\u00e4_pdf. + Diplomi-insin\u00f6\u00f6ri, 56 v, ICT-ala + Pitk\u00e4n linjan yritt\u00e4j\u00e4, osaan talous-, tietokone- ja talotekniikka-alan asiat + Sivistys ja design on l\u00e4hell\u00e4 syd\u00e4nt\u00e4 +Espoon Perussuomalaiset hallitus, 2.vpj 2020-&gt; +Espoon Tarkastuslautakunnan j\u00e4sen, mik\u00e4 valvoo kaikkia osastoja + Perusyritt\u00e4j\u00e4t Ry:n hallituksen j\u00e4sen + Edustus- ja yhteisty\u00f6kykyinen, my\u00f6s kansainv\u00e4lisiss\u00e4 [&hellip;]<\/p>\n","protected":false},"author":1,"featured_media":0,"parent":0,"menu_order":0,"comment_status":"closed","ping_status":"open","template":"","meta":{"_uag_custom_page_level_css":"","_crdt_document":"","site-sidebar-layout":"default","site-content-layout":"default","ast-site-content-layout":"default","site-content-style":"default","site-sidebar-style":"default","ast-global-header-display":"","ast-banner-title-visibility":"","ast-main-header-display":"","ast-hfb-above-header-display":"","ast-hfb-below-header-display":"","ast-hfb-mobile-header-display":"","site-post-title":"","ast-breadcrumbs-content":"","ast-featured-img":"","footer-sml-layout":"","ast-disable-related-posts":"","theme-transparent-header-meta":"default","adv-header-id-meta":"","stick-header-meta":"default","header-above-stick-meta":"","header-main-stick-meta":"","header-below-stick-meta":"","astra-migrate-meta-layouts":"default","ast-page-background-enabled":"default","ast-page-background-meta":{"desktop":{"background-color":"","background-image":"","background-repeat":"repeat","background-position":"center center","background-size":"auto","background-attachment":"scroll","background-type":"","background-media":"","overlay-type":"","overlay-color":"","overlay-opacity":"","overlay-gradient":""},"tablet":{"background-color":"","background-image":"","background-repeat":"repeat","background-position":"center center","background-size":"auto","background-attachment":"scroll","background-type":"","background-media":"","overlay-type":"","overlay-color":"","overlay-opacity":"","overlay-gradient":""},"mobile":{"background-color":"","background-image":"","background-repeat":"repeat","background-position":"center center","background-size":"auto","background-attachment":"scroll","background-type":"","background-media":"","overlay-type":"","overlay-color":"","overlay-opacity":"","overlay-gradient":""}},"ast-content-background-meta":{"desktop":{"background-color":"var(--ast-global-color-5)","background-image":"","background-repeat":"repeat","background-position":"center center","background-size":"auto","background-attachment":"scroll","background-type":"","background-media":"","overlay-type":"","overlay-color":"","overlay-opacity":"","overlay-gradient":""},"tablet":{"background-color":"var(--ast-global-color-5)","background-image":"","background-repeat":"repeat","background-position":"center center","background-size":"auto","background-attachment":"scroll","background-type":"","background-media":"","overlay-type":"","overlay-color":"","overlay-opacity":"","overlay-gradient":""},"mobile":{"background-color":"var(--ast-global-color-5)","background-image":"","background-repeat":"repeat","background-position":"center center","background-size":"auto","background-attachment":"scroll","background-type":"","background-media":"","overlay-type":"","overlay-color":"","overlay-opacity":"","overlay-gradient":""}},"footnotes":""},"class_list":["post-7","page","type-page","status-publish","hentry"],"uagb_featured_image_src":{"full":false,"thumbnail":false,"medium":false,"medium_large":false,"large":false,"thumblist":false,"thumbrelated":false,"meccarouselthumb":false,"gridsquare":false,"tileview":false,"1536x1536":false,"2048x2048":false},"uagb_author_info":{"display_name":"Kanerva Jarmo","author_link":"https:\/\/kanerva.eu\/fi\/author\/admin\/"},"uagb_comment_info":0,"uagb_excerpt":"Jarmo Jussi Kanerva , Espoo Kuntavaali2017-mainokseni on t\u00e4ss\u00e4_pdf. Kuntavaali2017-sivu on t\u00e4ss\u00e4_pdf. + Diplomi-insin\u00f6\u00f6ri, 56 v, ICT-ala + Pitk\u00e4n linjan yritt\u00e4j\u00e4, osaan talous-, tietokone- ja talotekniikka-alan asiat + Sivistys ja design on l\u00e4hell\u00e4 syd\u00e4nt\u00e4 +Espoon Perussuomalaiset hallitus, 2.vpj 2020-&gt; +Espoon Tarkastuslautakunnan j\u00e4sen, mik\u00e4 valvoo kaikkia osastoja + Perusyritt\u00e4j\u00e4t Ry:n hallituksen j\u00e4sen + Edustus- ja yhteisty\u00f6kykyinen, my\u00f6s&hellip;","_links":{"self":[{"href":"https:\/\/kanerva.eu\/fi\/wp-json\/wp\/v2\/pages\/7","targetHints":{"allow":["GET"]}}],"collection":[{"href":"https:\/\/kanerva.eu\/fi\/wp-json\/wp\/v2\/pages"}],"about":[{"href":"https:\/\/kanerva.eu\/fi\/wp-json\/wp\/v2\/types\/page"}],"author":[{"embeddable":true,"href":"https:\/\/kanerva.eu\/fi\/wp-json\/wp\/v2\/users\/1"}],"replies":[{"embeddable":true,"href":"https:\/\/kanerva.eu\/fi\/wp-json\/wp\/v2\/comments?post=7"}],"version-history":[{"count":1,"href":"https:\/\/kanerva.eu\/fi\/wp-json\/wp\/v2\/pages\/7\/revisions"}],"predecessor-version":[{"id":10439,"href":"https:\/\/kanerva.eu\/fi\/wp-json\/wp\/v2\/pages\/7\/revisions\/10439"}],"wp:attachment":[{"href":"https:\/\/kanerva.eu\/fi\/wp-json\/wp\/v2\/media?parent=7"}],"curies":[{"name":"wp","href":"https:\/\/api.w.org\/{rel}","templated":true}]}}