{"id":2914,"date":"2020-09-17T00:51:59","date_gmt":"2020-09-16T21:51:59","guid":{"rendered":"https:\/\/kanerva.eu\/fi\/?page_id=2914"},"modified":"2024-07-16T06:40:55","modified_gmt":"2024-07-16T03:40:55","slug":"nettitapahtumat","status":"publish","type":"page","link":"https:\/\/kanerva.eu\/fi\/nettitapahtumat\/","title":{"rendered":"Nettitapahtumat"},"content":{"rendered":"\n<p class=\"wp-block-paragraph\">TEAMS-LINKKI<br>T\u00e4nne tulee Teams-linkki, jota klikkaamalla p\u00e4\u00e4set videoneuvotteluun. Mukaan p\u00e4\u00e4set joko Microsoft Teams -ohjelmalla tai nettiselaimen avulla, jollolin tarvitset MS Teams -tilin ja ladattavan lis\u00e4osan. Kone kysyy haluatko ladata vai menn\u00e4 suoraan neuvotteluun + ladata selaimeen Teams palvelun. T\u00e4\u00e4ll\u00e4 kalenterissa voi olla tieto tai linkki suoraan Teamsiin tai Zoomiin <a href=\"https:\/\/www.perussuomalaiset.fi\/etakokousvinkit-ohjeet\/\" target=\"_blank\" rel=\"noreferrer noopener\" class=\"ek-link\">Ohjeita.<\/a><br><\/p>\n\n\n\n<p class=\"wp-block-paragraph\">ZOOM-LINKKI<br>ZOOM-linkki, jota klikkaamalla p\u00e4\u00e4set videoneuvotteluun nettiselaimen avulla klikkaamalla linkki\u00e4, mik\u00e4 lataa lataa Zoomiin ja avaa yhteyden. Zoom voidaan ladata my\u00f6s koneisiin valmiiksi. <a href=\"https:\/\/zoom.us\/\" target=\"_blank\" rel=\"noreferrer noopener\">Zoom yhti\u00f6n sivut<\/a>.<br><br><br><a aria-label=\"DISCORD-linkki (opens in a new tab)\" href=\"https:\/\/discord.gg\/3uZJCa\" target=\"_blank\" rel=\"noreferrer noopener\" class=\"ek-link\">DISCORD-linkki<\/a>, jota klikkaamalla p\u00e4\u00e4set minun video\/audio\/teksti-keskusteluun Discord-ohjelmalla tai suoraan selaimella. PSESPOO.FI <br>Alla on linkki systeemin englanninkieliseen sivustoon, jonka alaosassa on kielivalinta my\u00f6s suomeksi. Discord on varsinkin nuorten ja kaupunkien suosiossa keskusteluissa. J\u00e4rjest\u00e4n tapahtumia kalenterin mukaan Discordilla. Palvelu on t\u00e4ysin ulkopuolinen ja riippumaton keskusteluj\u00e4rjestelm\u00e4. Emme moderoi sit\u00e4 tai vastaa sen sis\u00e4ll\u00f6st\u00e4. Klikkaamalla linkki\u00e4 hyv\u00e4ksyt sen.  Ohjelmiston sivulle: <a href=\"https:\/\/discord.com\/\" target=\"_blank\" rel=\"noreferrer noopener\" class=\"ek-link\">Discord<\/a><\/p>\n\n\n\n<p class=\"wp-block-paragraph\"><\/p>\n","protected":false},"excerpt":{"rendered":"<p>TEAMS-LINKKIT\u00e4nne tulee Teams-linkki, jota klikkaamalla p\u00e4\u00e4set videoneuvotteluun. Mukaan p\u00e4\u00e4set joko Microsoft Teams -ohjelmalla tai nettiselaimen avulla, jollolin tarvitset MS Teams -tilin ja ladattavan lis\u00e4osan. Kone kysyy haluatko ladata vai menn\u00e4 suoraan neuvotteluun + ladata selaimeen Teams palvelun. T\u00e4\u00e4ll\u00e4 kalenterissa voi olla tieto tai linkki suoraan Teamsiin tai Zoomiin Ohjeita. ZOOM-LINKKIZOOM-linkki, jota klikkaamalla p\u00e4\u00e4set videoneuvotteluun nettiselaimen avulla [&hellip;]<\/p>\n","protected":false},"author":1,"featured_media":0,"parent":0,"menu_order":0,"comment_status":"closed","ping_status":"closed","template":"","meta":{"_uag_custom_page_level_css":"","_crdt_document":"","site-sidebar-layout":"default","site-content-layout":"default","ast-site-content-layout":"default","site-content-style":"default","site-sidebar-style":"default","ast-global-header-display":"","ast-banner-title-visibility":"","ast-main-header-display":"","ast-hfb-above-header-display":"","ast-hfb-below-header-display":"","ast-hfb-mobile-header-display":"","site-post-title":"","ast-breadcrumbs-content":"","ast-featured-img":"","footer-sml-layout":"","ast-disable-related-posts":"","theme-transparent-header-meta":"default","adv-header-id-meta":"","stick-header-meta":"default","header-above-stick-meta":"","header-main-stick-meta":"","header-below-stick-meta":"","astra-migrate-meta-layouts":"set","ast-page-background-enabled":"enabled","ast-page-background-meta":{"desktop":{"background-color":"#191919","background-image":"","background-repeat":"repeat","background-position":"center center","background-size":"auto","background-attachment":"scroll","background-type":"color","background-media":"","overlay-type":"","overlay-color":"","overlay-opacity":"","overlay-gradient":""},"tablet":{"background-color":"","background-image":"","background-repeat":"repeat","background-position":"center center","background-size":"auto","background-attachment":"scroll","background-type":"","background-media":"","overlay-type":"","overlay-color":"","overlay-opacity":"","overlay-gradient":""},"mobile":{"background-color":"","background-image":"","background-repeat":"repeat","background-position":"center center","background-size":"auto","background-attachment":"scroll","background-type":"","background-media":"","overlay-type":"","overlay-color":"","overlay-opacity":"","overlay-gradient":""}},"ast-content-background-meta":{"desktop":{"background-color":"var(--ast-global-color-5)","background-image":"","background-repeat":"repeat","background-position":"center center","background-size":"auto","background-attachment":"scroll","background-type":"color","background-media":"","overlay-type":"","overlay-color":"","overlay-opacity":"","overlay-gradient":""},"tablet":{"background-color":"var(--ast-global-color-5)","background-image":"","background-repeat":"repeat","background-position":"center center","background-size":"auto","background-attachment":"scroll","background-type":"color","background-media":"","overlay-type":"","overlay-color":"","overlay-opacity":"","overlay-gradient":""},"mobile":{"background-color":"var(--ast-global-color-5)","background-image":"","background-repeat":"repeat","background-position":"center center","background-size":"auto","background-attachment":"scroll","background-type":"color","background-media":"","overlay-type":"","overlay-color":"","overlay-opacity":"","overlay-gradient":""}},"footnotes":""},"class_list":["post-2914","page","type-page","status-publish","hentry"],"uagb_featured_image_src":{"full":false,"thumbnail":false,"medium":false,"medium_large":false,"large":false,"thumblist":false,"thumbrelated":false,"meccarouselthumb":false,"gridsquare":false,"tileview":false,"1536x1536":false,"2048x2048":false},"uagb_author_info":{"display_name":"Kanerva Jarmo","author_link":"https:\/\/kanerva.eu\/fi\/author\/admin\/"},"uagb_comment_info":0,"uagb_excerpt":"TEAMS-LINKKIT\u00e4nne tulee Teams-linkki, jota klikkaamalla p\u00e4\u00e4set videoneuvotteluun. Mukaan p\u00e4\u00e4set joko Microsoft Teams -ohjelmalla tai nettiselaimen avulla, jollolin tarvitset MS Teams -tilin ja ladattavan lis\u00e4osan. Kone kysyy haluatko ladata vai menn\u00e4 suoraan neuvotteluun + ladata selaimeen Teams palvelun. T\u00e4\u00e4ll\u00e4 kalenterissa voi olla tieto tai linkki suoraan Teamsiin tai Zoomiin Ohjeita. ZOOM-LINKKIZOOM-linkki, jota klikkaamalla p\u00e4\u00e4set videoneuvotteluun nettiselaimen&hellip;","_links":{"self":[{"href":"https:\/\/kanerva.eu\/fi\/wp-json\/wp\/v2\/pages\/2914","targetHints":{"allow":["GET"]}}],"collection":[{"href":"https:\/\/kanerva.eu\/fi\/wp-json\/wp\/v2\/pages"}],"about":[{"href":"https:\/\/kanerva.eu\/fi\/wp-json\/wp\/v2\/types\/page"}],"author":[{"embeddable":true,"href":"https:\/\/kanerva.eu\/fi\/wp-json\/wp\/v2\/users\/1"}],"replies":[{"embeddable":true,"href":"https:\/\/kanerva.eu\/fi\/wp-json\/wp\/v2\/comments?post=2914"}],"version-history":[{"count":2,"href":"https:\/\/kanerva.eu\/fi\/wp-json\/wp\/v2\/pages\/2914\/revisions"}],"predecessor-version":[{"id":10533,"href":"https:\/\/kanerva.eu\/fi\/wp-json\/wp\/v2\/pages\/2914\/revisions\/10533"}],"wp:attachment":[{"href":"https:\/\/kanerva.eu\/fi\/wp-json\/wp\/v2\/media?parent=2914"}],"curies":[{"name":"wp","href":"https:\/\/api.w.org\/{rel}","templated":true}]}}