{"id":2782,"date":"2020-08-15T16:11:38","date_gmt":"2020-08-15T13:11:38","guid":{"rendered":"https:\/\/kanerva.eu\/fi\/?page_id=2782"},"modified":"2024-07-05T14:06:49","modified_gmt":"2024-07-05T11:06:49","slug":"webinaari","status":"publish","type":"page","link":"https:\/\/kanerva.eu\/fi\/webinaari\/","title":{"rendered":"Webinaari"},"content":{"rendered":"<p>T\u00e4\u00e4ll\u00e4 on linkit videoneuvotteluihin. Linkit aukeavat kalenterin mukaan. Tekniikkana on Zoom ja MS Teams -neuvotteluohjelmat.<\/p>\n<p>Linkki <a href=\"https:\/\/kanerva.eu\/fi\/?page_id=2778\" target=\"_blank\" rel=\"noopener noreferrer\">ZOOM<\/a> sivulle<\/p>\n<p>Linkki <a href=\"https:\/\/kanerva.eu\/fi\/?page_id=2780\" target=\"_blank\" rel=\"noopener noreferrer\">TEAMS<\/a> sivulle<\/p>\n<p>Zoom on mahdollista olla my\u00f6s Teams palaverin osana, jo se on erikseen asennettu. Keskusteluissa on t\u00e4rke\u00e4 malttaa antaa toisten puhua asiansa. Puheenvuoroja saa pyyt\u00e4\u00e4 n\u00e4pp\u00e4imist\u00f6ll\u00e4, jossa ne ovat j\u00e4rjestyksess\u00e4. Riittt\u00e4\u00e4 laittaa PV puheenvuoron varaamiseksi. Puheenvuoron aikana voi jakaa n\u00e4ytt\u00f6ns\u00e4, jos sen on teknisesti toiminnassa.<br \/>\nN\u00e4in korona-aikana on hyv\u00e4 oppia et\u00e4yhteyksiin. Hyv\u00e4ll\u00e4 asenteella t\u00e4m\u00e4kin toimii. Ei puhuta samaan aikaan. Puhujan naama tulee n\u00e4yt\u00f6lle, jos on kamera. Kameraahan ei tarvita ja usein se laitetaan pois alun j\u00e4lkeen kun tiedet\u00e4\u00e4n kenen kanssa puhutaan. Videokuva vie paljon kaistaa.<\/p>\n<p>Vinkkein\u00e4 ainakin logitech yli 100 eur kamerat antavat hyv\u00e4\u00e4 kuvaa ja siedett\u00e4v\u00e4\u00e4 \u00e4\u00e4nt\u00e4. C920,C922, Stream Cam. Kameran takia kannattaisi olla kasvoilla valoa. Valo parantaaa kuvaa paljon. Vaikka valo n\u00e4yt\u00f6n p\u00e4\u00e4ll\u00e4. Loisteputki toimii hyvin. Mikrofoni l\u00e4hell\u00e4 suuta parantaa \u00e4\u00e4nt\u00e4, tai hyv\u00e4laatuinen neuvottelupuhelin.<\/p>\n","protected":false},"excerpt":{"rendered":"<p>T\u00e4\u00e4ll\u00e4 on linkit videoneuvotteluihin. Linkit aukeavat kalenterin mukaan. Tekniikkana on Zoom ja MS Teams -neuvotteluohjelmat. Linkki ZOOM sivulle Linkki TEAMS sivulle Zoom on mahdollista olla my\u00f6s Teams palaverin osana, jo se on erikseen asennettu. Keskusteluissa on t\u00e4rke\u00e4 malttaa antaa toisten puhua asiansa. Puheenvuoroja saa pyyt\u00e4\u00e4 n\u00e4pp\u00e4imist\u00f6ll\u00e4, jossa ne ovat j\u00e4rjestyksess\u00e4. Riittt\u00e4\u00e4 laittaa PV puheenvuoron varaamiseksi. Puheenvuoron [&hellip;]<\/p>\n","protected":false},"author":1,"featured_media":0,"parent":0,"menu_order":0,"comment_status":"closed","ping_status":"closed","template":"","meta":{"_uag_custom_page_level_css":"","_crdt_document":"","site-sidebar-layout":"default","site-content-layout":"default","ast-site-content-layout":"default","site-content-style":"default","site-sidebar-style":"default","ast-global-header-display":"","ast-banner-title-visibility":"","ast-main-header-display":"","ast-hfb-above-header-display":"","ast-hfb-below-header-display":"","ast-hfb-mobile-header-display":"","site-post-title":"","ast-breadcrumbs-content":"","ast-featured-img":"","footer-sml-layout":"","ast-disable-related-posts":"","theme-transparent-header-meta":"default","adv-header-id-meta":"","stick-header-meta":"default","header-above-stick-meta":"","header-main-stick-meta":"","header-below-stick-meta":"","astra-migrate-meta-layouts":"default","ast-page-background-enabled":"default","ast-page-background-meta":{"desktop":{"background-color":"","background-image":"","background-repeat":"repeat","background-position":"center center","background-size":"auto","background-attachment":"scroll","background-type":"","background-media":"","overlay-type":"","overlay-color":"","overlay-opacity":"","overlay-gradient":""},"tablet":{"background-color":"","background-image":"","background-repeat":"repeat","background-position":"center center","background-size":"auto","background-attachment":"scroll","background-type":"","background-media":"","overlay-type":"","overlay-color":"","overlay-opacity":"","overlay-gradient":""},"mobile":{"background-color":"","background-image":"","background-repeat":"repeat","background-position":"center center","background-size":"auto","background-attachment":"scroll","background-type":"","background-media":"","overlay-type":"","overlay-color":"","overlay-opacity":"","overlay-gradient":""}},"ast-content-background-meta":{"desktop":{"background-color":"var(--ast-global-color-5)","background-image":"","background-repeat":"repeat","background-position":"center center","background-size":"auto","background-attachment":"scroll","background-type":"","background-media":"","overlay-type":"","overlay-color":"","overlay-opacity":"","overlay-gradient":""},"tablet":{"background-color":"var(--ast-global-color-5)","background-image":"","background-repeat":"repeat","background-position":"center center","background-size":"auto","background-attachment":"scroll","background-type":"","background-media":"","overlay-type":"","overlay-color":"","overlay-opacity":"","overlay-gradient":""},"mobile":{"background-color":"var(--ast-global-color-5)","background-image":"","background-repeat":"repeat","background-position":"center center","background-size":"auto","background-attachment":"scroll","background-type":"","background-media":"","overlay-type":"","overlay-color":"","overlay-opacity":"","overlay-gradient":""}},"footnotes":""},"class_list":["post-2782","page","type-page","status-publish","hentry"],"uagb_featured_image_src":{"full":false,"thumbnail":false,"medium":false,"medium_large":false,"large":false,"thumblist":false,"thumbrelated":false,"meccarouselthumb":false,"gridsquare":false,"tileview":false,"1536x1536":false,"2048x2048":false},"uagb_author_info":{"display_name":"Kanerva Jarmo","author_link":"https:\/\/kanerva.eu\/fi\/author\/admin\/"},"uagb_comment_info":0,"uagb_excerpt":"T\u00e4\u00e4ll\u00e4 on linkit videoneuvotteluihin. Linkit aukeavat kalenterin mukaan. Tekniikkana on Zoom ja MS Teams -neuvotteluohjelmat. Linkki ZOOM sivulle Linkki TEAMS sivulle Zoom on mahdollista olla my\u00f6s Teams palaverin osana, jo se on erikseen asennettu. Keskusteluissa on t\u00e4rke\u00e4 malttaa antaa toisten puhua asiansa. Puheenvuoroja saa pyyt\u00e4\u00e4 n\u00e4pp\u00e4imist\u00f6ll\u00e4, jossa ne ovat j\u00e4rjestyksess\u00e4. Riittt\u00e4\u00e4 laittaa PV puheenvuoron varaamiseksi.&hellip;","_links":{"self":[{"href":"https:\/\/kanerva.eu\/fi\/wp-json\/wp\/v2\/pages\/2782","targetHints":{"allow":["GET"]}}],"collection":[{"href":"https:\/\/kanerva.eu\/fi\/wp-json\/wp\/v2\/pages"}],"about":[{"href":"https:\/\/kanerva.eu\/fi\/wp-json\/wp\/v2\/types\/page"}],"author":[{"embeddable":true,"href":"https:\/\/kanerva.eu\/fi\/wp-json\/wp\/v2\/users\/1"}],"replies":[{"embeddable":true,"href":"https:\/\/kanerva.eu\/fi\/wp-json\/wp\/v2\/comments?post=2782"}],"version-history":[{"count":1,"href":"https:\/\/kanerva.eu\/fi\/wp-json\/wp\/v2\/pages\/2782\/revisions"}],"predecessor-version":[{"id":10411,"href":"https:\/\/kanerva.eu\/fi\/wp-json\/wp\/v2\/pages\/2782\/revisions\/10411"}],"wp:attachment":[{"href":"https:\/\/kanerva.eu\/fi\/wp-json\/wp\/v2\/media?parent=2782"}],"curies":[{"name":"wp","href":"https:\/\/api.w.org\/{rel}","templated":true}]}}