{"id":2778,"date":"2020-08-15T15:50:49","date_gmt":"2020-08-15T12:50:49","guid":{"rendered":"https:\/\/kanerva.eu\/fi\/?page_id=2778"},"modified":"2024-07-05T14:06:50","modified_gmt":"2024-07-05T11:06:50","slug":"zoom-tapahtuma","status":"publish","type":"page","link":"https:\/\/kanerva.eu\/fi\/zoom-tapahtuma\/","title":{"rendered":"ZOOM-tapahtuma"},"content":{"rendered":"\n<p class=\"wp-block-paragraph\">T\u00e4nne tulee linkki, jota klikkaamalla p\u00e4\u00e4set videoneuvotteluun Zoom ohjelmalla tai nettiselaimen avulla lataamalla lis\u00e4osan. Kone kysyy kumpaa haluat tehd\u00e4. Zoom voi olla TEAMSin lis\u00e4osana itse ladattuna.<\/p>\n\n\n\n<p class=\"wp-block-paragraph\">LINKKI<\/p>\n","protected":false},"excerpt":{"rendered":"<p>T\u00e4nne tulee linkki, jota klikkaamalla p\u00e4\u00e4set videoneuvotteluun Zoom ohjelmalla tai nettiselaimen avulla lataamalla lis\u00e4osan. Kone kysyy kumpaa haluat tehd\u00e4. Zoom voi olla TEAMSin lis\u00e4osana itse ladattuna. LINKKI<\/p>\n","protected":false},"author":1,"featured_media":0,"parent":0,"menu_order":0,"comment_status":"closed","ping_status":"closed","template":"","meta":{"_uag_custom_page_level_css":"","_crdt_document":"","site-sidebar-layout":"default","site-content-layout":"default","ast-site-content-layout":"default","site-content-style":"default","site-sidebar-style":"default","ast-global-header-display":"","ast-banner-title-visibility":"","ast-main-header-display":"","ast-hfb-above-header-display":"","ast-hfb-below-header-display":"","ast-hfb-mobile-header-display":"","site-post-title":"","ast-breadcrumbs-content":"","ast-featured-img":"","footer-sml-layout":"","ast-disable-related-posts":"","theme-transparent-header-meta":"default","adv-header-id-meta":"","stick-header-meta":"default","header-above-stick-meta":"","header-main-stick-meta":"","header-below-stick-meta":"","astra-migrate-meta-layouts":"default","ast-page-background-enabled":"default","ast-page-background-meta":{"desktop":{"background-color":"","background-image":"","background-repeat":"repeat","background-position":"center center","background-size":"auto","background-attachment":"scroll","background-type":"","background-media":"","overlay-type":"","overlay-color":"","overlay-opacity":"","overlay-gradient":""},"tablet":{"background-color":"","background-image":"","background-repeat":"repeat","background-position":"center center","background-size":"auto","background-attachment":"scroll","background-type":"","background-media":"","overlay-type":"","overlay-color":"","overlay-opacity":"","overlay-gradient":""},"mobile":{"background-color":"","background-image":"","background-repeat":"repeat","background-position":"center center","background-size":"auto","background-attachment":"scroll","background-type":"","background-media":"","overlay-type":"","overlay-color":"","overlay-opacity":"","overlay-gradient":""}},"ast-content-background-meta":{"desktop":{"background-color":"var(--ast-global-color-5)","background-image":"","background-repeat":"repeat","background-position":"center center","background-size":"auto","background-attachment":"scroll","background-type":"","background-media":"","overlay-type":"","overlay-color":"","overlay-opacity":"","overlay-gradient":""},"tablet":{"background-color":"var(--ast-global-color-5)","background-image":"","background-repeat":"repeat","background-position":"center center","background-size":"auto","background-attachment":"scroll","background-type":"","background-media":"","overlay-type":"","overlay-color":"","overlay-opacity":"","overlay-gradient":""},"mobile":{"background-color":"var(--ast-global-color-5)","background-image":"","background-repeat":"repeat","background-position":"center center","background-size":"auto","background-attachment":"scroll","background-type":"","background-media":"","overlay-type":"","overlay-color":"","overlay-opacity":"","overlay-gradient":""}},"footnotes":""},"class_list":["post-2778","page","type-page","status-publish","hentry"],"uagb_featured_image_src":{"full":false,"thumbnail":false,"medium":false,"medium_large":false,"large":false,"thumblist":false,"thumbrelated":false,"meccarouselthumb":false,"gridsquare":false,"tileview":false,"1536x1536":false,"2048x2048":false},"uagb_author_info":{"display_name":"Kanerva Jarmo","author_link":"https:\/\/kanerva.eu\/fi\/author\/admin\/"},"uagb_comment_info":0,"uagb_excerpt":"T\u00e4nne tulee linkki, jota klikkaamalla p\u00e4\u00e4set videoneuvotteluun Zoom ohjelmalla tai nettiselaimen avulla lataamalla lis\u00e4osan. Kone kysyy kumpaa haluat tehd\u00e4. Zoom voi olla TEAMSin lis\u00e4osana itse ladattuna. LINKKI","_links":{"self":[{"href":"https:\/\/kanerva.eu\/fi\/wp-json\/wp\/v2\/pages\/2778","targetHints":{"allow":["GET"]}}],"collection":[{"href":"https:\/\/kanerva.eu\/fi\/wp-json\/wp\/v2\/pages"}],"about":[{"href":"https:\/\/kanerva.eu\/fi\/wp-json\/wp\/v2\/types\/page"}],"author":[{"embeddable":true,"href":"https:\/\/kanerva.eu\/fi\/wp-json\/wp\/v2\/users\/1"}],"replies":[{"embeddable":true,"href":"https:\/\/kanerva.eu\/fi\/wp-json\/wp\/v2\/comments?post=2778"}],"version-history":[{"count":1,"href":"https:\/\/kanerva.eu\/fi\/wp-json\/wp\/v2\/pages\/2778\/revisions"}],"predecessor-version":[{"id":10413,"href":"https:\/\/kanerva.eu\/fi\/wp-json\/wp\/v2\/pages\/2778\/revisions\/10413"}],"wp:attachment":[{"href":"https:\/\/kanerva.eu\/fi\/wp-json\/wp\/v2\/media?parent=2778"}],"curies":[{"name":"wp","href":"https:\/\/api.w.org\/{rel}","templated":true}]}}