{"id":2706,"date":"2020-08-15T12:13:12","date_gmt":"2020-08-15T09:13:12","guid":{"rendered":"https:\/\/kanerva.eu\/fi\/?page_id=2706"},"modified":"2024-08-17T17:09:09","modified_gmt":"2024-08-17T14:09:09","slug":"miksi-ps","status":"publish","type":"page","link":"https:\/\/kanerva.eu\/fi\/miksi-ps\/","title":{"rendered":"Miksi PS?"},"content":{"rendered":"\n<div class=\"wp-block-uagb-container uagb-block-6f399a73 alignfull uagb-is-root-container\"><div class=\"uagb-container-inner-blocks-wrap\">\n<div class=\"wp-block-uagb-container uagb-block-e929ef86\">\n<p class=\"wp-block-paragraph\"><strong>Perus suomalaisten pit\u00e4\u00e4 ajaa Suomelle ja suomalaisille t\u00e4rkeit\u00e4 asioita kansakuntana. Kukaan muu ei tee sit\u00e4.<\/strong> Vauvasta vaariin. Siihen tarvitaan \u00e4\u00e4ni\u00e4. <br><br>On kyett\u00e4v\u00e4 puhumaan asioista suoraan ja rehellisesti, jotta asioita voi parantaa. On pystytt\u00e4v\u00e4 priorisoimaan asioita ja sanomaan ei v\u00e4hemm\u00e4n t\u00e4rkeille vaatimuksille. Valittujen pit\u00e4\u00e4 hoitaa meid\u00e4n asioita mahdollisimman tehokkaasti. Moni yritt\u00e4\u00e4 vaientaa j\u00e4rjen valon, kun totuus tai jako ei sovi itselle. <br><br><strong>Tasa-arvo on sit\u00e4, ettei suomalaisia aina laiteta jonon h\u00e4nnille ja maksajiksi jollain juonittelulla. Ei ole syyt\u00e4 alistua sellaiseen. Suomen pit\u00e4\u00e4 kehitt\u00e4\u00e4 maataan.<\/strong><br><br>Talous ja sivistys on Suomessa ongelmissa. EU:n ja Suomen hurmahenkinen punavihre\u00e4 politiikka v.2008-2023 ajautui kriisiin ja talous on mennyt rikki. Tuloveron tuplaaminen ei en\u00e4\u00e4 riitt\u00e4isi kattamaan kuluja. Puolet on valtiolla t\u00f6iss\u00e4, elet\u00e4\u00e4n lainarahalla, jota lahjoitetaan pois. EU:n kriisit jatkuvat lainarahalla, eik\u00e4 niit\u00e4 kyet\u00e4 tai haluta korjata. Suomen pit\u00e4\u00e4 ajaa etujaan EU:ssa.<br><\/p>\n\n\n\n<div class=\"wp-block-buttons is-layout-flex wp-block-buttons-is-layout-flex\">\n<div class=\"wp-block-button\"><a class=\"wp-block-button__link wp-element-button\" href=\"https:\/\/www.perussuomalaiset.fi\/\" target=\"_blank\" rel=\"noreferrer noopener\"><strong>Perussuomalaiset sivusto<\/strong><\/a><\/div>\n<\/div>\n\n\n\n<div class=\"wp-block-buttons is-layout-flex wp-block-buttons-is-layout-flex\">\n<div class=\"wp-block-button\"><a class=\"wp-block-button__link wp-element-button\" href=\"http:\/\/espoo.perussuomalaiset.fi\/\" target=\"_blank\" rel=\"noreferrer noopener\"><strong>Espoon Perussuomalaiset<\/strong><\/a><\/div>\n<\/div>\n<\/div>\n\n\n\n<div class=\"wp-block-uagb-container uagb-block-9f90d93a\">\n<figure class=\"wp-block-image size-full\"><img loading=\"lazy\" decoding=\"async\" width=\"526\" height=\"342\" src=\"data:image\/gif;base64,R0lGODlhAQABAAAAACH5BAEKAAEALAAAAAABAAEAAAICTAEAOw==\" alt=\"\" class=\"wp-image-9585 lazyload\" sizes=\"auto, (max-width: 526px) 100vw, 526px\" data-src=\"https:\/\/kanerva.eu\/fi\/wp-content\/uploads\/IMG_Suomennousuun-526.jpg\" data-srcset=\"https:\/\/kanerva.eu\/fi\/wp-content\/uploads\/IMG_Suomennousuun-526.jpg 526w, https:\/\/kanerva.eu\/fi\/wp-content\/uploads\/IMG_Suomennousuun-526-300x195.jpg 300w\"><\/figure>\n\n\n\n<p class=\"wp-block-paragraph\"><strong>Suomessa pit\u00e4\u00e4 voida tehd\u00e4 tuottavaa ty\u00f6t\u00e4 ja el\u00e4\u00e4 sill\u00e4 onnellista el\u00e4m\u00e4\u00e4.<\/strong> Kansalaisilla pit\u00e4\u00e4 olla n\u00e4k\u00f6ala eteenp\u00e4in. K\u00e4yt\u00e4nn\u00f6ss\u00e4 kiellot, verot ja s\u00e4\u00e4tely haittaa. EU:sta tulee lis\u00e4\u00e4. <\/p>\n\n\n\n<p class=\"wp-block-paragraph\">Suomen vero- ja veroluonteisten maksujen osuus on EU:n korkein, ja ollut vuosia. Siltikin Vuonna 2024 yhteiskunnanlainat ylitt\u00e4v\u00e4t 200 mrd. Eli on eletty yli tulojen velaksi, ja lahjoitettu rahaa pois 2008-2023. EU on jo puuttumassa Suomen talousasioihin alij\u00e4\u00e4m\u00e4n takia. Nyt asiat pit\u00e4\u00e4 laittaa kuntoon. <\/p>\n<\/div>\n<\/div><\/div>\n\n\n\n<div class=\"wp-block-uagb-container uagb-block-65a9d1d6 alignfull uagb-is-root-container\"><div class=\"uagb-container-inner-blocks-wrap\">\n<div class=\"wp-block-uagb-container uagb-block-291f54d4\">\n<p class=\"wp-block-paragraph\">Perussuomalaiset ajaa politiikkaa, joka on l\u00e4hinn\u00e4 minun mielipiteit\u00e4ni. Puolueella on yhteisvoimaa korjata asioita.<br><br><strong>Alla on nykyiset eri asioiden ohjelmat ja tavoitteet Perussuomalaisten sivulla:<\/strong><\/p>\n\n\n\n<div class=\"wp-block-buttons is-layout-flex wp-block-buttons-is-layout-flex\">\n<div class=\"wp-block-button\"><a class=\"wp-block-button__link wp-element-button\" href=\"https:\/\/www.perussuomalaiset.fi\/tietoa-meista\/puolueohjelma\/\" target=\"_blank\" rel=\"noreferrer noopener\"><strong>PS:n ohjelmat<\/strong><\/a><\/div>\n<\/div>\n\n\n\n<p class=\"wp-block-paragraph\">.<\/p>\n\n\n\n<p class=\"wp-block-paragraph\">Muut puolueet puuhastelevat v\u00e4\u00e4rien asioiden kanssa. Esimerkiksi kaikkien tekeminen tasapuolisesti k\u00f6yhiksi,   maksujen korotukset,  oikeuksien rajoitukset, sensuuri, miljardit ja takaukset rahoittajille, ilmastomiljardit, mielivaltaiset edut, v\u00e4est\u00f6muutos. Lis\u00e4ksi mielivaltainen luonnon ja rakennuksien suojelu, liikenteen haittaaminen ja kaupungin tiivist\u00e4minen. Isoja poliittisia kuluja ei voida ja haluta hallita tai seurata ja nolot tiedot salataan.<\/p>\n<\/div>\n\n\n\n<div class=\"wp-block-uagb-container uagb-block-c780bbc8\">\n<figure class=\"wp-block-image size-full is-resized\"><img loading=\"lazy\" decoding=\"async\" width=\"600\" height=\"600\" src=\"data:image\/gif;base64,R0lGODlhAQABAAAAACH5BAEKAAEALAAAAAABAAEAAAICTAEAOw==\" alt=\"pic\" class=\"wp-image-2895 lazyload\" style=\"width:371px;height:auto\" sizes=\"auto, (max-width: 600px) 100vw, 600px\" data-src=\"https:\/\/kanerva.eu\/fi\/wp-content\/uploads\/2020\/08\/3d001029_3_v.jpg\" data-srcset=\"https:\/\/kanerva.eu\/fi\/wp-content\/uploads\/2020\/08\/3d001029_3_v.jpg 600w, https:\/\/kanerva.eu\/fi\/wp-content\/uploads\/2020\/08\/3d001029_3_v-300x300.jpg 300w, https:\/\/kanerva.eu\/fi\/wp-content\/uploads\/2020\/08\/3d001029_3_v-200x200.jpg 200w, https:\/\/kanerva.eu\/fi\/wp-content\/uploads\/2020\/08\/3d001029_3_v-90x90.jpg 90w, https:\/\/kanerva.eu\/fi\/wp-content\/uploads\/2020\/08\/3d001029_3_v-75x75.jpg 75w\"><\/figure>\n\n\n\n<p class=\"wp-block-paragraph\"><strong>Suomi on osa globaalia verkostoa.<\/strong> Jokaisen kansakunnan on huolehdittava omista asioistaan, alueestaan, eduistaan, kansalaisistaan ja syytt\u00e4\u00e4n huono-osaisistaan. Suomi ei voi olla, eik\u00e4 t\u00e4ydy olla maailman kaikkien asukkaiden sossuna ja pelastajana.<br><br> Suomen aluetta asuttaa alle 6 miljoonaa, EU:ia noin 450 miljoonaa, maapalloa 7800 miljoonaa kansalaista. Kehitysavutkin pit\u00e4\u00e4 sitoa kehitystavoitteisiin ja palautusmahdollisuuteen, eik\u00e4 yll\u00e4pit\u00e4\u00e4 kelvotonta johtoa.<\/p>\n<\/div>\n<\/div><\/div>\n\n\n\n<div class=\"wp-block-uagb-container uagb-block-6cc08f98 alignfull uagb-is-root-container\"><div class=\"uagb-container-inner-blocks-wrap\">\n<div class=\"wp-block-uagb-container uagb-block-972c41a6\">\n<figure class=\"wp-block-image size-large is-resized\"><img loading=\"lazy\" decoding=\"async\" width=\"754\" height=\"1024\" src=\"data:image\/gif;base64,R0lGODlhAQABAAAAACH5BAEKAAEALAAAAAABAAEAAAICTAEAOw==\" alt=\"pic\" class=\"wp-image-5586 lazyload\" style=\"width:479px;height:auto\" sizes=\"auto, (max-width: 754px) 100vw, 754px\" data-src=\"https:\/\/kanerva.eu\/fi\/wp-content\/uploads\/DSC00115-1280-754x1024.jpg\" data-srcset=\"https:\/\/kanerva.eu\/fi\/wp-content\/uploads\/DSC00115-1280-754x1024.jpg 754w, https:\/\/kanerva.eu\/fi\/wp-content\/uploads\/DSC00115-1280-221x300.jpg 221w, https:\/\/kanerva.eu\/fi\/wp-content\/uploads\/DSC00115-1280-768x1042.jpg 768w, https:\/\/kanerva.eu\/fi\/wp-content\/uploads\/DSC00115-1280-225x305.jpg 225w, https:\/\/kanerva.eu\/fi\/wp-content\/uploads\/DSC00115-1280-300x407.jpg 300w, https:\/\/kanerva.eu\/fi\/wp-content\/uploads\/DSC00115-1280.jpg 943w\"><\/figure>\n<\/div>\n\n\n\n<div class=\"wp-block-uagb-container uagb-block-9e29c812\">\n<p class=\"wp-block-paragraph\"><span style=\"color:#141464\" class=\"has-inline-color\">Mit\u00e4 muut sanovat:<br><br><em>&#8221;Perussuomalaiset n\u00e4ytt\u00e4\u00e4 olevan ainoa puolue, joka ajaa en\u00e4\u00e4 suomalaisten etuja.&#8221;<br><\/em><br><em>&#8221;En\u00e4\u00e4 ei uskalla menn\u00e4 yksin illalla ulos lenkille. Kaikki p\u00f6llit\u00e4\u00e4n tai rikotaan.&#8221;<br><\/em><br><em>&#8221;Persut n\u00e4ytt\u00e4\u00e4 olevan ainoa positiivinen valo tunnelin p\u00e4\u00e4ss\u00e4.&#8221;<\/em><\/span><\/p>\n<\/div>\n<\/div><\/div>\n\n\n\n<div class=\"wp-block-columns is-layout-flex wp-container-core-columns-is-layout-7387b849 wp-block-columns-is-layout-flex\">\n<div class=\"wp-block-column is-layout-flow wp-block-column-is-layout-flow\"><\/div>\n<\/div>\n","protected":false},"excerpt":{"rendered":"<p>Perus suomalaisten pit\u00e4\u00e4 ajaa Suomelle ja suomalaisille t\u00e4rkeit\u00e4 asioita kansakuntana. Kukaan muu ei tee sit\u00e4. Vauvasta vaariin. Siihen tarvitaan \u00e4\u00e4ni\u00e4. On kyett\u00e4v\u00e4 puhumaan asioista suoraan ja rehellisesti, jotta asioita voi parantaa. On pystytt\u00e4v\u00e4 priorisoimaan asioita ja sanomaan ei v\u00e4hemm\u00e4n t\u00e4rkeille vaatimuksille. Valittujen pit\u00e4\u00e4 hoitaa meid\u00e4n asioita mahdollisimman tehokkaasti. Moni yritt\u00e4\u00e4 vaientaa j\u00e4rjen valon, kun totuus tai [&hellip;]<\/p>\n","protected":false},"author":1,"featured_media":0,"parent":0,"menu_order":0,"comment_status":"closed","ping_status":"closed","template":"","meta":{"_uag_custom_page_level_css":"","_crdt_document":"","site-sidebar-layout":"no-sidebar","site-content-layout":"boxed-container","ast-site-content-layout":"normal-width-container","site-content-style":"boxed","site-sidebar-style":"boxed","ast-global-header-display":"","ast-banner-title-visibility":"","ast-main-header-display":"","ast-hfb-above-header-display":"","ast-hfb-below-header-display":"","ast-hfb-mobile-header-display":"","site-post-title":"","ast-breadcrumbs-content":"","ast-featured-img":"","footer-sml-layout":"","ast-disable-related-posts":"","theme-transparent-header-meta":"default","adv-header-id-meta":"","stick-header-meta":"default","header-above-stick-meta":"","header-main-stick-meta":"","header-below-stick-meta":"","astra-migrate-meta-layouts":"set","ast-page-background-enabled":"enabled","ast-page-background-meta":{"desktop":{"background-color":"var(--ast-global-color-4)","background-image":"","background-repeat":"repeat","background-position":"center center","background-size":"auto","background-attachment":"scroll","background-type":"color","background-media":"","overlay-type":"","overlay-color":"","overlay-opacity":"","overlay-gradient":""},"tablet":{"background-color":"","background-image":"","background-repeat":"repeat","background-position":"center center","background-size":"auto","background-attachment":"scroll","background-type":"","background-media":"","overlay-type":"","overlay-color":"","overlay-opacity":"","overlay-gradient":""},"mobile":{"background-color":"","background-image":"","background-repeat":"repeat","background-position":"center center","background-size":"auto","background-attachment":"scroll","background-type":"","background-media":"","overlay-type":"","overlay-color":"","overlay-opacity":"","overlay-gradient":""}},"ast-content-background-meta":{"desktop":{"background-color":"var(--ast-global-color-5)","background-image":"","background-repeat":"repeat","background-position":"center center","background-size":"auto","background-attachment":"scroll","background-type":"color","background-media":"","overlay-type":"","overlay-color":"","overlay-opacity":"","overlay-gradient":""},"tablet":{"background-color":"var(--ast-global-color-5)","background-image":"","background-repeat":"repeat","background-position":"center center","background-size":"auto","background-attachment":"scroll","background-type":"color","background-media":"","overlay-type":"","overlay-color":"","overlay-opacity":"","overlay-gradient":""},"mobile":{"background-color":"var(--ast-global-color-5)","background-image":"","background-repeat":"repeat","background-position":"center center","background-size":"auto","background-attachment":"scroll","background-type":"","background-media":"","overlay-type":"","overlay-color":"","overlay-opacity":"","overlay-gradient":""}},"footnotes":""},"class_list":["post-2706","page","type-page","status-publish","hentry"],"uagb_featured_image_src":{"full":false,"thumbnail":false,"medium":false,"medium_large":false,"large":false,"thumblist":false,"thumbrelated":false,"meccarouselthumb":false,"gridsquare":false,"tileview":false,"1536x1536":false,"2048x2048":false},"uagb_author_info":{"display_name":"Kanerva Jarmo","author_link":"https:\/\/kanerva.eu\/fi\/author\/admin\/"},"uagb_comment_info":0,"uagb_excerpt":"Perus suomalaisten pit\u00e4\u00e4 ajaa Suomelle ja suomalaisille t\u00e4rkeit\u00e4 asioita kansakuntana. Kukaan muu ei tee sit\u00e4. Vauvasta vaariin. Siihen tarvitaan \u00e4\u00e4ni\u00e4. On kyett\u00e4v\u00e4 puhumaan asioista suoraan ja rehellisesti, jotta asioita voi parantaa. On pystytt\u00e4v\u00e4 priorisoimaan asioita ja sanomaan ei v\u00e4hemm\u00e4n t\u00e4rkeille vaatimuksille. Valittujen pit\u00e4\u00e4 hoitaa meid\u00e4n asioita mahdollisimman tehokkaasti. Moni yritt\u00e4\u00e4 vaientaa j\u00e4rjen valon, kun totuus&hellip;","_links":{"self":[{"href":"https:\/\/kanerva.eu\/fi\/wp-json\/wp\/v2\/pages\/2706","targetHints":{"allow":["GET"]}}],"collection":[{"href":"https:\/\/kanerva.eu\/fi\/wp-json\/wp\/v2\/pages"}],"about":[{"href":"https:\/\/kanerva.eu\/fi\/wp-json\/wp\/v2\/types\/page"}],"author":[{"embeddable":true,"href":"https:\/\/kanerva.eu\/fi\/wp-json\/wp\/v2\/users\/1"}],"replies":[{"embeddable":true,"href":"https:\/\/kanerva.eu\/fi\/wp-json\/wp\/v2\/comments?post=2706"}],"version-history":[{"count":2,"href":"https:\/\/kanerva.eu\/fi\/wp-json\/wp\/v2\/pages\/2706\/revisions"}],"predecessor-version":[{"id":10759,"href":"https:\/\/kanerva.eu\/fi\/wp-json\/wp\/v2\/pages\/2706\/revisions\/10759"}],"wp:attachment":[{"href":"https:\/\/kanerva.eu\/fi\/wp-json\/wp\/v2\/media?parent=2706"}],"curies":[{"name":"wp","href":"https:\/\/api.w.org\/{rel}","templated":true}]}}